{"id":1431,"date":"2020-04-21T10:04:54","date_gmt":"2020-04-21T10:04:54","guid":{"rendered":"https:\/\/www.chateaudequintin.fr\/practical-information\/"},"modified":"2025-12-02T23:56:20","modified_gmt":"2025-12-02T22:56:20","slug":"practical-information","status":"publish","type":"page","link":"https:\/\/www.chateaudequintin.fr\/en\/practical-information\/","title":{"rendered":"Practical information"},"content":{"rendered":"\t\t<div data-elementor-type=\"wp-page\" data-elementor-id=\"1431\" class=\"elementor elementor-1431 elementor-21\" data-elementor-post-type=\"page\">\n\t\t\t\t\t\t<section class=\"elementor-section elementor-top-section elementor-element elementor-element-46754013 elementor-section-boxed elementor-section-height-default elementor-section-height-default\" data-id=\"46754013\" data-element_type=\"section\" data-e-type=\"section\">\n\t\t\t\t\t\t<div class=\"elementor-container elementor-column-gap-default\">\n\t\t\t\t\t<div class=\"elementor-column elementor-col-33 elementor-top-column elementor-element elementor-element-145194ca\" data-id=\"145194ca\" data-element_type=\"column\" data-e-type=\"column\" data-settings=\"{&quot;background_background&quot;:&quot;classic&quot;}\">\n\t\t\t<div class=\"elementor-widget-wrap elementor-element-populated\">\n\t\t\t\t\t<div class=\"elementor-background-overlay\"><\/div>\n\t\t\t\t\t\t<div class=\"elementor-element elementor-element-2a29e3b5 elementor-widget elementor-widget-heading\" data-id=\"2a29e3b5\" data-element_type=\"widget\" data-e-type=\"widget\" data-widget_type=\"heading.default\">\n\t\t\t\t\t<h1 class=\"elementor-heading-title elementor-size-default\">Practical infos<\/h1>\t\t\t\t<\/div>\n\t\t\t\t\t<\/div>\n\t\t<\/div>\n\t\t\t\t<div class=\"elementor-column elementor-col-66 elementor-top-column elementor-element elementor-element-6ff990f6\" data-id=\"6ff990f6\" data-element_type=\"column\" data-e-type=\"column\" data-settings=\"{&quot;background_background&quot;:&quot;classic&quot;}\">\n\t\t\t<div class=\"elementor-widget-wrap elementor-element-populated\">\n\t\t\t\t\t\t<div class=\"elementor-element elementor-element-7d6dcb48 elementor-widget elementor-widget-image\" data-id=\"7d6dcb48\" data-element_type=\"widget\" data-e-type=\"widget\" data-widget_type=\"image.default\">\n\t\t\t\t\t\t\t\t\t\t\t\t\t\t\t<img decoding=\"async\" src=\"https:\/\/www.chateaudequintin.fr\/wp-content\/uploads\/elementor\/thumbs\/titre_InfosPratiques_760x300-qji2lzhokjrns9txgrnimfizpqd7h8earybwdyk1bs.webp\" title=\"titre_InfosPratiques_760x300\" alt=\"Ch\u00e2teau de Quintin XVIII\u00e8me et Basilique Notre-Dame de D\u00e9livrance\" loading=\"lazy\" \/>\t\t\t\t\t\t\t\t\t\t\t\t\t\t\t<\/div>\n\t\t\t\t\t<\/div>\n\t\t<\/div>\n\t\t\t\t\t<\/div>\n\t\t<\/section>\n\t\t\t\t<section class=\"elementor-section elementor-top-section elementor-element elementor-element-761da131 elementor-section-boxed elementor-section-height-default elementor-section-height-default\" data-id=\"761da131\" data-element_type=\"section\" data-e-type=\"section\">\n\t\t\t\t\t\t<div class=\"elementor-container elementor-column-gap-default\">\n\t\t\t\t\t<div class=\"elementor-column elementor-col-50 elementor-top-column elementor-element elementor-element-25f53fde\" data-id=\"25f53fde\" data-element_type=\"column\" data-e-type=\"column\">\n\t\t\t<div class=\"elementor-widget-wrap elementor-element-populated\">\n\t\t\t\t\t\t<div class=\"elementor-element elementor-element-73830e0e elementor-widget elementor-widget-image\" data-id=\"73830e0e\" data-element_type=\"widget\" data-e-type=\"widget\" data-widget_type=\"image.default\">\n\t\t\t\t\t\t\t\t\t\t\t\t\t\t\t<img loading=\"lazy\" decoding=\"async\" width=\"553\" height=\"745\" src=\"https:\/\/www.chateaudequintin.fr\/wp-content\/uploads\/2020\/03\/IMG_0610_web.webp\" class=\"attachment-large size-large wp-image-656\" alt=\"Infos pratiques\" \/>\t\t\t\t\t\t\t\t\t\t\t\t\t\t\t<\/div>\n\t\t\t\t\t<\/div>\n\t\t<\/div>\n\t\t\t\t<div class=\"elementor-column elementor-col-50 elementor-top-column elementor-element elementor-element-7d8fc00a\" data-id=\"7d8fc00a\" data-element_type=\"column\" data-e-type=\"column\">\n\t\t\t<div class=\"elementor-widget-wrap elementor-element-populated\">\n\t\t\t\t\t\t<div class=\"elementor-element elementor-element-f8ff2e4 elementor-align-center elementor-widget elementor-widget-button\" data-id=\"f8ff2e4\" data-element_type=\"widget\" data-e-type=\"widget\" data-widget_type=\"button.default\">\n\t\t\t\t\t\t\t\t\t\t<a class=\"elementor-button elementor-button-link elementor-size-sm\" href=\"https:\/\/www.chateaudequintin.fr\/reserver-sa-visite\/\" target=\"_blank\" rel=\"nofollow\">\n\t\t\t\t\t\t<span class=\"elementor-button-content-wrapper\">\n\t\t\t\t\t\t\t\t\t<span class=\"elementor-button-text\">Book your visit<\/span>\n\t\t\t\t\t<\/span>\n\t\t\t\t\t<\/a>\n\t\t\t\t\t\t\t\t<\/div>\n\t\t\t\t<div class=\"elementor-element elementor-element-469943b elementor-align-center elementor-widget elementor-widget-button\" data-id=\"469943b\" data-element_type=\"widget\" data-e-type=\"widget\" data-widget_type=\"button.default\">\n\t\t\t\t\t\t\t\t\t\t<a class=\"elementor-button elementor-button-link elementor-size-sm\" href=\"https:\/\/www.chateaudequintin.fr\/animations\/les-mysteres-de-quintin\/inscriptions-les-mysteres-de-quintin-affaire-du-temps-suspendu\/\" target=\"_blank\" rel=\"nofollow\">\n\t\t\t\t\t\t<span class=\"elementor-button-content-wrapper\">\n\t\t\t\t\t\t\t\t\t<span class=\"elementor-button-text\">Book \u2018The Mysteries of Quintin\u2019<\/span>\n\t\t\t\t\t<\/span>\n\t\t\t\t\t<\/a>\n\t\t\t\t\t\t\t\t<\/div>\n\t\t\t\t<section class=\"elementor-section elementor-inner-section elementor-element elementor-element-e31995e elementor-section-boxed elementor-section-height-default elementor-section-height-default\" data-id=\"e31995e\" data-element_type=\"section\" data-e-type=\"section\">\n\t\t\t\t\t\t<div class=\"elementor-container elementor-column-gap-default\">\n\t\t\t\t\t<div class=\"elementor-column elementor-col-50 elementor-inner-column elementor-element elementor-element-4a270db\" data-id=\"4a270db\" data-element_type=\"column\" data-e-type=\"column\">\n\t\t\t<div class=\"elementor-widget-wrap elementor-element-populated\">\n\t\t\t\t\t\t<div class=\"elementor-element elementor-element-91402e4 elementor-widget elementor-widget-heading\" data-id=\"91402e4\" data-element_type=\"widget\" data-e-type=\"widget\" data-widget_type=\"heading.default\">\n\t\t\t\t\t<h2 class=\"elementor-heading-title elementor-size-default\">Opening hours<\/h2>\t\t\t\t<\/div>\n\t\t\t\t<div class=\"elementor-element elementor-element-6900b3a elementor-widget elementor-widget-text-editor\" data-id=\"6900b3a\" data-element_type=\"widget\" data-e-type=\"widget\" data-widget_type=\"text-editor.default\">\n\t\t\t\t\t\t\t\t\t<ul>\n<li style=\"font-size: 16px;\">From 4 November to 30 March: one tour only from Friday to Sunday at 3pm (weekdays by reservation for a minimum of 10 people).<\/li>\n<li style=\"font-size: 16px;\">Christmas holidays: tours every day at 3pm (except 25 December and 1 January)<\/li>\n<li style=\"font-size: 16px;\">From 1 April to 30 June and from 1 September to 2 November: tours every day at 2.30pm, 3.30pm and 4.30pm (except for Heritage Days, when tours run continuously from 10.30am to 12.30pm and from 2.30pm to 6pm!)<\/li>\n<li style=\"font-size: 16px;\">From 1 July to 31 August, the castle is open from 10:30 a.m. to 12:30 p.m. and from 2:30 p.m. to 6:30 p.m. (last tickets issued 30 minutes before closing)<\/li>\n<li style=\"font-size: 16px;\">The rest of the year by reservation (minimum 10 people. Please contact us)<\/li>\n<\/ul>\n\t\t\t\t\t\t\t\t<\/div>\n\t\t\t\t\t<\/div>\n\t\t<\/div>\n\t\t\t\t<div class=\"elementor-column elementor-col-50 elementor-inner-column elementor-element elementor-element-257b5f6\" data-id=\"257b5f6\" data-element_type=\"column\" data-e-type=\"column\">\n\t\t\t<div class=\"elementor-widget-wrap elementor-element-populated\">\n\t\t\t\t\t\t<div class=\"elementor-element elementor-element-2295b93 elementor-widget elementor-widget-heading\" data-id=\"2295b93\" data-element_type=\"widget\" data-e-type=\"widget\" data-widget_type=\"heading.default\">\n\t\t\t\t\t<h2 class=\"elementor-heading-title elementor-size-default\">Rates<\/h2>\t\t\t\t<\/div>\n\t\t\t\t<div class=\"elementor-element elementor-element-903a249 elementor-widget elementor-widget-text-editor\" data-id=\"903a249\" data-element_type=\"widget\" data-e-type=\"widget\" data-widget_type=\"text-editor.default\">\n\t\t\t\t\t\t\t\t\t<p><strong>Castle tours + exhibition:<\/strong><\/p>\n<p>Adults: \u20ac8<br \/>Children aged 8 to 14: \u20ac3<br \/>Students: \u20ac6<\/p>\n<p>Groups (minimum 15 people): \u20ac7<\/p>\n<p><strong>Garden tours + exhibition:<\/strong><\/p>\n<p>Adults: \u20ac6<br \/>Children aged 8 to 14: \u20ac3<\/p>\n<p><strong>Treasure hunt \u2018The Mysteries of Quintin\u2019 (resuming in spring 2026):<\/strong><\/p>\n<p>Adults: 2\u20ac<br \/>Children aged 5 to 17: 5\u20ac<\/p>\n\t\t\t\t\t\t\t\t<\/div>\n\t\t\t\t<div class=\"elementor-element elementor-element-a41f487 elementor-align-center elementor-widget elementor-widget-button\" data-id=\"a41f487\" data-element_type=\"widget\" data-e-type=\"widget\" data-widget_type=\"button.default\">\n\t\t\t\t\t\t\t\t\t\t<a class=\"elementor-button elementor-button-link elementor-size-sm\" href=\"https:\/\/www.chateaudequintin.fr\/reserver-sa-visite\/\" target=\"_blank\" rel=\"nofollow\">\n\t\t\t\t\t\t<span class=\"elementor-button-content-wrapper\">\n\t\t\t\t\t\t\t\t\t<span class=\"elementor-button-text\">Book your visit<\/span>\n\t\t\t\t\t<\/span>\n\t\t\t\t\t<\/a>\n\t\t\t\t\t\t\t\t<\/div>\n\t\t\t\t<div class=\"elementor-element elementor-element-0f309a1 elementor-align-center elementor-widget elementor-widget-button\" data-id=\"0f309a1\" data-element_type=\"widget\" data-e-type=\"widget\" data-widget_type=\"button.default\">\n\t\t\t\t\t\t\t\t\t\t<a class=\"elementor-button elementor-button-link elementor-size-sm\" href=\"https:\/\/www.chateaudequintin.fr\/animations\/les-mysteres-de-quintin\/inscriptions-les-mysteres-de-quintin-affaire-du-temps-suspendu\/\" target=\"_blank\" rel=\"nofollow\">\n\t\t\t\t\t\t<span class=\"elementor-button-content-wrapper\">\n\t\t\t\t\t\t\t\t\t<span class=\"elementor-button-text\">R\u00e9servez \"Les Myst\u00e8res de Quintin\"<\/span>\n\t\t\t\t\t<\/span>\n\t\t\t\t\t<\/a>\n\t\t\t\t\t\t\t\t<\/div>\n\t\t\t\t\t<\/div>\n\t\t<\/div>\n\t\t\t\t\t<\/div>\n\t\t<\/section>\n\t\t\t\t<section class=\"elementor-section elementor-inner-section elementor-element elementor-element-dec9279 elementor-section-boxed elementor-section-height-default elementor-section-height-default\" data-id=\"dec9279\" data-element_type=\"section\" data-e-type=\"section\">\n\t\t\t\t\t\t<div class=\"elementor-container elementor-column-gap-default\">\n\t\t\t\t\t<div class=\"elementor-column elementor-col-50 elementor-inner-column elementor-element elementor-element-cef839e\" data-id=\"cef839e\" data-element_type=\"column\" data-e-type=\"column\">\n\t\t\t<div class=\"elementor-widget-wrap elementor-element-populated\">\n\t\t\t\t\t\t<div class=\"elementor-element elementor-element-a15237d elementor-widget elementor-widget-heading\" data-id=\"a15237d\" data-element_type=\"widget\" data-e-type=\"widget\" data-widget_type=\"heading.default\">\n\t\t\t\t\t<h2 class=\"elementor-heading-title elementor-size-default\">Services<\/h2>\t\t\t\t<\/div>\n\t\t\t\t<div class=\"elementor-element elementor-element-79f15ae elementor-widget elementor-widget-text-editor\" data-id=\"79f15ae\" data-element_type=\"widget\" data-e-type=\"widget\" data-widget_type=\"text-editor.default\">\n\t\t\t\t\t\t\t\t\tPeople with reduced mobility: parking available in the castle courtyard.<br><br>Dogs are allowed in the castle grounds. Only small dogs carried in your arms are allowed inside the castle. For larger dogs, you can park in the castle courtyard and leave them in your car.<br><br>Shop.<br><br>Visitor information available in English and Spanish.\t\t\t\t\t\t\t\t<\/div>\n\t\t\t\t\t<\/div>\n\t\t<\/div>\n\t\t\t\t<div class=\"elementor-column elementor-col-50 elementor-inner-column elementor-element elementor-element-ae77237\" data-id=\"ae77237\" data-element_type=\"column\" data-e-type=\"column\">\n\t\t\t<div class=\"elementor-widget-wrap elementor-element-populated\">\n\t\t\t\t\t\t<div class=\"elementor-element elementor-element-af8a2c0 elementor-widget elementor-widget-heading\" data-id=\"af8a2c0\" data-element_type=\"widget\" data-e-type=\"widget\" data-widget_type=\"heading.default\">\n\t\t\t\t\t<h2 class=\"elementor-heading-title elementor-size-default\">Eating and drinking <\/h2>\t\t\t\t<\/div>\n\t\t\t\t<div class=\"elementor-element elementor-element-b5ff67d lienvert elementor-widget elementor-widget-text-editor\" data-id=\"b5ff67d\" data-element_type=\"widget\" data-e-type=\"widget\" data-widget_type=\"text-editor.default\">\n\t\t\t\t\t\t\t\t\t<p>The castle restaurant is open to individuals for special events (Weavers&#8217; Festival, Street Singers&#8217; Festival, Summer Nocturnes, Castle Nights, Valentine&#8217;s Day Dinner, etc.).<\/p>\n<p>It is also open to groups of 15 or more people upon reservation (menus starting at \u20ac15).<\/p>\n<p>Otherwise, several restaurants in Quintin will be delighted to welcome you. They are all within easy walking distance.<\/p>\n\t\t\t\t\t\t\t\t<\/div>\n\t\t\t\t\t<\/div>\n\t\t<\/div>\n\t\t\t\t\t<\/div>\n\t\t<\/section>\n\t\t\t\t<section class=\"elementor-section elementor-inner-section elementor-element elementor-element-5ff5051 elementor-section-boxed elementor-section-height-default elementor-section-height-default\" data-id=\"5ff5051\" data-element_type=\"section\" data-e-type=\"section\">\n\t\t\t\t\t\t<div class=\"elementor-container elementor-column-gap-default\">\n\t\t\t\t\t<div class=\"elementor-column elementor-col-50 elementor-inner-column elementor-element elementor-element-f5031f6\" data-id=\"f5031f6\" data-element_type=\"column\" data-e-type=\"column\">\n\t\t\t<div class=\"elementor-widget-wrap elementor-element-populated\">\n\t\t\t\t\t\t<div class=\"elementor-element elementor-element-bd2459d elementor-widget elementor-widget-heading\" data-id=\"bd2459d\" data-element_type=\"widget\" data-e-type=\"widget\" data-widget_type=\"heading.default\">\n\t\t\t\t\t<h2 class=\"elementor-heading-title elementor-size-default\">Access<\/h2>\t\t\t\t<\/div>\n\t\t\t\t<div class=\"elementor-element elementor-element-46ad232 elementor-widget elementor-widget-text-editor\" data-id=\"46ad232\" data-element_type=\"widget\" data-e-type=\"widget\" data-widget_type=\"text-editor.default\">\n\t\t\t\t\t\t\t\t\t<p>Entrance by the impasse de la Pompe, in front of the Tourist Office.<\/p>\n<p>Bus Breizhgo n\u00b05 from Saint Brieuc<\/p>\n\t\t\t\t\t\t\t\t<\/div>\n\t\t\t\t\t<\/div>\n\t\t<\/div>\n\t\t\t\t<div class=\"elementor-column elementor-col-50 elementor-inner-column elementor-element elementor-element-0db5802\" data-id=\"0db5802\" data-element_type=\"column\" data-e-type=\"column\">\n\t\t\t<div class=\"elementor-widget-wrap elementor-element-populated\">\n\t\t\t\t\t\t<div class=\"elementor-element elementor-element-24cdc13 elementor-widget elementor-widget-heading\" data-id=\"24cdc13\" data-element_type=\"widget\" data-e-type=\"widget\" data-widget_type=\"heading.default\">\n\t\t\t\t\t<h2 class=\"elementor-heading-title elementor-size-default\">Contact<\/h2>\t\t\t\t<\/div>\n\t\t\t\t<div class=\"elementor-element elementor-element-98f5f96 elementor-widget elementor-widget-text-editor\" data-id=\"98f5f96\" data-element_type=\"widget\" data-e-type=\"widget\" data-widget_type=\"text-editor.default\">\n\t\t\t\t\t\t\t\t\t<p>Ch\u00e2teau et Domaine de Quintin<br \/>22800 Quintin<br \/>+33(0)2 96 74 94 79<\/p>\n\t\t\t\t\t\t\t\t<\/div>\n\t\t\t\t<div class=\"elementor-element elementor-element-03f904a elementor-align-center elementor-widget elementor-widget-button\" data-id=\"03f904a\" data-element_type=\"widget\" data-e-type=\"widget\" data-widget_type=\"button.default\">\n\t\t\t\t\t\t\t\t\t\t<a class=\"elementor-button elementor-button-link elementor-size-sm\" href=\"https:\/\/www.chateaudequintin.fr\/en\/contact\/\">\n\t\t\t\t\t\t<span class=\"elementor-button-content-wrapper\">\n\t\t\t\t\t\t\t\t\t<span class=\"elementor-button-text\">Contact us!<\/span>\n\t\t\t\t\t<\/span>\n\t\t\t\t\t<\/a>\n\t\t\t\t\t\t\t\t<\/div>\n\t\t\t\t\t<\/div>\n\t\t<\/div>\n\t\t\t\t\t<\/div>\n\t\t<\/section>\n\t\t\t\t\t<\/div>\n\t\t<\/div>\n\t\t\t\t\t<\/div>\n\t\t<\/section>\n\t\t\t\t<section class=\"elementor-section elementor-top-section elementor-element elementor-element-c0a1ce1 elementor-section-boxed elementor-section-height-default elementor-section-height-default\" data-id=\"c0a1ce1\" data-element_type=\"section\" data-e-type=\"section\">\n\t\t\t\t\t\t<div class=\"elementor-container elementor-column-gap-default\">\n\t\t\t\t\t<div class=\"elementor-column elementor-col-50 elementor-top-column elementor-element elementor-element-5b6027e\" data-id=\"5b6027e\" data-element_type=\"column\" data-e-type=\"column\">\n\t\t\t<div class=\"elementor-widget-wrap elementor-element-populated\">\n\t\t\t\t\t\t<div class=\"elementor-element elementor-element-2cca316 elementor-widget elementor-widget-image\" data-id=\"2cca316\" data-element_type=\"widget\" data-e-type=\"widget\" data-widget_type=\"image.default\">\n\t\t\t\t\t\t\t\t\t\t\t\t\t\t\t<img loading=\"lazy\" decoding=\"async\" width=\"800\" height=\"532\" src=\"https:\/\/www.chateaudequintin.fr\/wp-content\/uploads\/2020\/03\/9-2-1024x681.jpg\" class=\"attachment-large size-large wp-image-440\" alt=\"\" srcset=\"https:\/\/www.chateaudequintin.fr\/wp-content\/uploads\/2020\/03\/9-2-1024x681.jpg 1024w, https:\/\/www.chateaudequintin.fr\/wp-content\/uploads\/2020\/03\/9-2-300x200.jpg 300w, https:\/\/www.chateaudequintin.fr\/wp-content\/uploads\/2020\/03\/9-2-768x511.jpg 768w, https:\/\/www.chateaudequintin.fr\/wp-content\/uploads\/2020\/03\/9-2.jpg 1490w\" sizes=\"auto, (max-width: 800px) 100vw, 800px\" \/>\t\t\t\t\t\t\t\t\t\t\t\t\t\t\t<\/div>\n\t\t\t\t\t<\/div>\n\t\t<\/div>\n\t\t\t\t<div class=\"elementor-column elementor-col-50 elementor-top-column elementor-element elementor-element-b024478\" data-id=\"b024478\" data-element_type=\"column\" data-e-type=\"column\">\n\t\t\t<div class=\"elementor-widget-wrap elementor-element-populated\">\n\t\t\t\t\t\t<div class=\"elementor-element elementor-element-ca0e2ec elementor-widget elementor-widget-heading\" data-id=\"ca0e2ec\" data-element_type=\"widget\" data-e-type=\"widget\" data-widget_type=\"heading.default\">\n\t\t\t\t\t<h2 class=\"elementor-heading-title elementor-size-default\">To be discovered on foot around the castle<\/h2>\t\t\t\t<\/div>\n\t\t\t\t<div class=\"elementor-element elementor-element-ce2dcfc elementor-widget elementor-widget-text-editor\" data-id=\"ce2dcfc\" data-element_type=\"widget\" data-e-type=\"widget\" id=\"lienvert\" data-widget_type=\"text-editor.default\">\n\t\t\t\t\t\t\t\t\t<ul>\n<li>Walk around the pond of Quintin<\/li>\n<li>Discovery tour of Quintin (departure in front of the entrance of the castle, at the tourist office)<\/li>\n<li><a href=\"https:\/\/www.maisondutisserandquintin.com\/\" target=\"_blank\" rel=\"noopener\">La Fabrique &#8211; Atelier du Lin<\/a> (an adult rate in one site = a reduced rate in the other)<\/li>\n<li><a href=\"https:\/\/www.tourismequintin.com\" target=\"_blank\" rel=\"noopener\">Hiking circuit around Quintin (departure in front of the entrance of the castle, at the tourist office)\u00a0https:\/\/www.tourismequintin.com<\/a><\/li>\n<li><a href=\"http:\/\/www.quintin.catholique.fr\/la-basilique\/histoire\" target=\"_blank\" rel=\"noopener\">Visit of the Notre Dame of Deliverance Basilica <\/a><\/li>\n<\/ul>\n\t\t\t\t\t\t\t\t<\/div>\n\t\t\t\t\t<\/div>\n\t\t<\/div>\n\t\t\t\t\t<\/div>\n\t\t<\/section>\n\t\t\t\t<section class=\"elementor-section elementor-top-section elementor-element elementor-element-bf615da elementor-section-boxed elementor-section-height-default elementor-section-height-default\" data-id=\"bf615da\" data-element_type=\"section\" data-e-type=\"section\" id=\"carte\">\n\t\t\t\t\t\t<div class=\"elementor-container elementor-column-gap-default\">\n\t\t\t\t\t<div class=\"elementor-column elementor-col-100 elementor-top-column elementor-element elementor-element-067fd70\" data-id=\"067fd70\" data-element_type=\"column\" data-e-type=\"column\">\n\t\t\t<div class=\"elementor-widget-wrap elementor-element-populated\">\n\t\t\t\t\t\t<div class=\"elementor-element elementor-element-6d3433a elementor-widget elementor-widget-google_maps\" data-id=\"6d3433a\" data-element_type=\"widget\" data-e-type=\"widget\" data-widget_type=\"google_maps.default\">\n\t\t\t\t\t\t\t<div class=\"elementor-custom-embed\">\n\t\t\t<iframe loading=\"lazy\"\n\t\t\t\t\tsrc=\"https:\/\/maps.google.com\/maps?q=Ch%C3%A2teau%20de%20Quintin%2C%20Quintin&#038;t=m&#038;z=10&#038;output=embed&#038;iwloc=near\"\n\t\t\t\t\ttitle=\"Ch\u00e2teau de Quintin, Quintin\"\n\t\t\t\t\taria-label=\"Ch\u00e2teau de Quintin, Quintin\"\n\t\t\t><\/iframe>\n\t\t<\/div>\n\t\t\t\t\t\t<\/div>\n\t\t\t\t\t<\/div>\n\t\t<\/div>\n\t\t\t\t\t<\/div>\n\t\t<\/section>\n\t\t\t\t<section class=\"elementor-section elementor-top-section elementor-element elementor-element-b18005f elementor-section-boxed elementor-section-height-default elementor-section-height-default\" data-id=\"b18005f\" data-element_type=\"section\" data-e-type=\"section\">\n\t\t\t\t\t\t<div class=\"elementor-container elementor-column-gap-default\">\n\t\t\t\t\t<div class=\"elementor-column elementor-col-100 elementor-top-column elementor-element elementor-element-5ffdd5a\" data-id=\"5ffdd5a\" data-element_type=\"column\" data-e-type=\"column\">\n\t\t\t<div class=\"elementor-widget-wrap elementor-element-populated\">\n\t\t\t\t\t\t<div class=\"elementor-element elementor-element-d5d5c1e elementor-widget elementor-widget-spacer\" data-id=\"d5d5c1e\" data-element_type=\"widget\" data-e-type=\"widget\" data-widget_type=\"spacer.default\">\n\t\t\t\t\t\t\t<div class=\"elementor-spacer\">\n\t\t\t<div class=\"elementor-spacer-inner\"><\/div>\n\t\t<\/div>\n\t\t\t\t\t\t<\/div>\n\t\t\t\t\t<\/div>\n\t\t<\/div>\n\t\t\t\t\t<\/div>\n\t\t<\/section>\n\t\t\t\t<\/div>\n\t\t","protected":false},"excerpt":{"rendered":"<p>Practical infos Book your visit Book \u2018The Mysteries of Quintin\u2019 Opening hours From 4 November to 30 March: one tour only from Friday to Sunday at 3pm (weekdays by reservation for a minimum of 10 people). Christmas holidays: tours every day at 3pm (except 25 December and 1 January) From 1 April to 30 June [&hellip;]<\/p>\n","protected":false},"author":2,"featured_media":0,"parent":0,"menu_order":0,"comment_status":"closed","ping_status":"closed","template":"elementor_header_footer","meta":{"_jf_save_progress":"","footnotes":""},"class_list":["post-1431","page","type-page","status-publish","hentry"],"_links":{"self":[{"href":"https:\/\/www.chateaudequintin.fr\/en\/wp-json\/wp\/v2\/pages\/1431","targetHints":{"allow":["GET"]}}],"collection":[{"href":"https:\/\/www.chateaudequintin.fr\/en\/wp-json\/wp\/v2\/pages"}],"about":[{"href":"https:\/\/www.chateaudequintin.fr\/en\/wp-json\/wp\/v2\/types\/page"}],"author":[{"embeddable":true,"href":"https:\/\/www.chateaudequintin.fr\/en\/wp-json\/wp\/v2\/users\/2"}],"replies":[{"embeddable":true,"href":"https:\/\/www.chateaudequintin.fr\/en\/wp-json\/wp\/v2\/comments?post=1431"}],"version-history":[{"count":10,"href":"https:\/\/www.chateaudequintin.fr\/en\/wp-json\/wp\/v2\/pages\/1431\/revisions"}],"predecessor-version":[{"id":13899,"href":"https:\/\/www.chateaudequintin.fr\/en\/wp-json\/wp\/v2\/pages\/1431\/revisions\/13899"}],"wp:attachment":[{"href":"https:\/\/www.chateaudequintin.fr\/en\/wp-json\/wp\/v2\/media?parent=1431"}],"curies":[{"name":"wp","href":"https:\/\/api.w.org\/{rel}","templated":true}]}}