{"id":1429,"date":"2020-04-21T10:02:16","date_gmt":"2020-04-21T10:02:16","guid":{"rendered":"https:\/\/www.chateaudequintin.fr\/the-plan-of-the-domain\/"},"modified":"2020-05-08T04:56:56","modified_gmt":"2020-05-08T04:56:56","slug":"the-plan-of-the-domain","status":"publish","type":"page","link":"https:\/\/www.chateaudequintin.fr\/en\/the-domain\/the-plan-of-the-domain\/","title":{"rendered":"Demesne&#8217;s plan"},"content":{"rendered":"\t\t<div data-elementor-type=\"wp-page\" data-elementor-id=\"1429\" class=\"elementor elementor-1429 elementor-104\" data-elementor-post-type=\"page\">\n\t\t\t\t\t\t<section class=\"elementor-section elementor-top-section elementor-element elementor-element-2e2a81f7 elementor-section-boxed elementor-section-height-default elementor-section-height-default\" data-id=\"2e2a81f7\" data-element_type=\"section\" data-e-type=\"section\">\n\t\t\t\t\t\t<div class=\"elementor-container elementor-column-gap-default\">\n\t\t\t\t\t<div class=\"elementor-column elementor-col-33 elementor-top-column elementor-element elementor-element-168b5b25\" data-id=\"168b5b25\" data-element_type=\"column\" data-e-type=\"column\" data-settings=\"{&quot;background_background&quot;:&quot;classic&quot;}\">\n\t\t\t<div class=\"elementor-widget-wrap elementor-element-populated\">\n\t\t\t\t\t<div class=\"elementor-background-overlay\"><\/div>\n\t\t\t\t\t\t<div class=\"elementor-element elementor-element-5c044af1 elementor-widget elementor-widget-heading\" data-id=\"5c044af1\" data-element_type=\"widget\" data-e-type=\"widget\" data-widget_type=\"heading.default\">\n\t\t\t\t\t<h1 class=\"elementor-heading-title elementor-size-default\">Demesne's plan<\/h1>\t\t\t\t<\/div>\n\t\t\t\t\t<\/div>\n\t\t<\/div>\n\t\t\t\t<div class=\"elementor-column elementor-col-66 elementor-top-column elementor-element elementor-element-223f0e8f\" data-id=\"223f0e8f\" data-element_type=\"column\" data-e-type=\"column\" data-settings=\"{&quot;background_background&quot;:&quot;classic&quot;}\">\n\t\t\t<div class=\"elementor-widget-wrap elementor-element-populated\">\n\t\t\t\t\t\t<div class=\"elementor-element elementor-element-61f9c219 elementor-hidden-phone elementor-widget elementor-widget-image\" data-id=\"61f9c219\" data-element_type=\"widget\" data-e-type=\"widget\" data-widget_type=\"image.default\">\n\t\t\t\t\t\t\t\t\t\t\t\t\t\t\t<img decoding=\"async\" src=\"https:\/\/www.chateaudequintin.fr\/wp-content\/uploads\/elementor\/thumbs\/Bsbpc-aa1306_BERTHIER-Emmanuel_web-qjiexlflzr1b35gp3iqydhkge7ve6rhv3m7g14t8s8.webp\" title=\"Bsbpc-aa1306_BERTHIER-Emmanuel_web\" alt=\"Le plan du domaine - Ch\u00e2teau de Quintin\" loading=\"lazy\" \/>\t\t\t\t\t\t\t\t\t\t\t\t\t\t\t<\/div>\n\t\t\t\t\t<\/div>\n\t\t<\/div>\n\t\t\t\t\t<\/div>\n\t\t<\/section>\n\t\t\t\t<section class=\"elementor-section elementor-top-section elementor-element elementor-element-170b97cb elementor-section-boxed elementor-section-height-default elementor-section-height-default\" data-id=\"170b97cb\" data-element_type=\"section\" data-e-type=\"section\">\n\t\t\t\t\t\t<div class=\"elementor-container elementor-column-gap-default\">\n\t\t\t\t\t<div class=\"elementor-column elementor-col-50 elementor-top-column elementor-element elementor-element-574f318a\" data-id=\"574f318a\" data-element_type=\"column\" data-e-type=\"column\">\n\t\t\t<div class=\"elementor-widget-wrap elementor-element-populated\">\n\t\t\t\t\t\t<div class=\"elementor-element elementor-element-a12654a elementor-hidden-phone elementor-widget elementor-widget-image\" data-id=\"a12654a\" data-element_type=\"widget\" data-e-type=\"widget\" data-widget_type=\"image.default\">\n\t\t\t\t\t\t\t\t\t\t\t\t<figure class=\"wp-caption\">\n\t\t\t\t\t\t\t\t\t\t<img loading=\"lazy\" decoding=\"async\" width=\"600\" height=\"800\" src=\"https:\/\/www.chateaudequintin.fr\/wp-content\/uploads\/2020\/03\/IMG_9512_web.webp\" class=\"attachment-large size-large wp-image-350\" alt=\"Couch\u00e9 de soleil - Ch\u00e2teau de Quintin\" \/>\t\t\t\t\t\t\t\t\t\t\t<figcaption class=\"widget-image-caption wp-caption-text\"><\/figcaption>\n\t\t\t\t\t\t\t\t\t\t<\/figure>\n\t\t\t\t\t\t\t\t\t<\/div>\n\t\t\t\t<div class=\"elementor-element elementor-element-f6705a8 elementor-hidden-phone elementor-widget elementor-widget-image\" data-id=\"f6705a8\" data-element_type=\"widget\" data-e-type=\"widget\" data-widget_type=\"image.default\">\n\t\t\t\t\t\t\t\t\t\t\t\t<figure class=\"wp-caption\">\n\t\t\t\t\t\t\t\t\t\t<img loading=\"lazy\" decoding=\"async\" width=\"326\" height=\"445\" src=\"https:\/\/www.chateaudequintin.fr\/wp-content\/uploads\/2020\/04\/bandeau_PlanDomaine_03_ax326.webp\" class=\"attachment-large size-large wp-image-1287\" alt=\"\" \/>\t\t\t\t\t\t\t\t\t\t\t<figcaption class=\"widget-image-caption wp-caption-text\">Terrasse donnant sur l'\u00e9tang de Quintin<\/figcaption>\n\t\t\t\t\t\t\t\t\t\t<\/figure>\n\t\t\t\t\t\t\t\t\t<\/div>\n\t\t\t\t<div class=\"elementor-element elementor-element-6cb8f27d elementor-hidden-phone elementor-widget elementor-widget-image\" data-id=\"6cb8f27d\" data-element_type=\"widget\" data-e-type=\"widget\" data-widget_type=\"image.default\">\n\t\t\t\t\t\t\t\t\t\t\t\t<figure class=\"wp-caption\">\n\t\t\t\t\t\t\t\t\t\t<img loading=\"lazy\" decoding=\"async\" width=\"326\" height=\"217\" src=\"https:\/\/www.chateaudequintin.fr\/wp-content\/uploads\/2020\/05\/bandeau_PlanDomaine_05_ax326_ChateauXVII_cour_interieure.webp\" class=\"attachment-large size-large wp-image-1802\" alt=\"\" \/>\t\t\t\t\t\t\t\t\t\t\t<figcaption class=\"widget-image-caption wp-caption-text\">Vieux Ch\u00e2teau de Quintin (avant restauration) - vue depuis Cour int\u00e9rieure<\/figcaption>\n\t\t\t\t\t\t\t\t\t\t<\/figure>\n\t\t\t\t\t\t\t\t\t<\/div>\n\t\t\t\t<div class=\"elementor-element elementor-element-557a088 elementor-hidden-phone elementor-widget elementor-widget-image\" data-id=\"557a088\" data-element_type=\"widget\" data-e-type=\"widget\" data-widget_type=\"image.default\">\n\t\t\t\t\t\t\t\t\t\t\t\t<figure class=\"wp-caption\">\n\t\t\t\t\t\t\t\t\t\t<img loading=\"lazy\" decoding=\"async\" width=\"326\" height=\"435\" src=\"https:\/\/www.chateaudequintin.fr\/wp-content\/uploads\/2020\/05\/bandeau_PlanDomaine_06_ax326_tour_archives.webp\" class=\"attachment-large size-large wp-image-1804\" alt=\"\" \/>\t\t\t\t\t\t\t\t\t\t\t<figcaption class=\"widget-image-caption wp-caption-text\">Tour des archives (XIIIe-XVe - XVIIIe) - Ancienne Porte-Neuve de Quintin<\/figcaption>\n\t\t\t\t\t\t\t\t\t\t<\/figure>\n\t\t\t\t\t\t\t\t\t<\/div>\n\t\t\t\t\t<\/div>\n\t\t<\/div>\n\t\t\t\t<div class=\"elementor-column elementor-col-50 elementor-top-column elementor-element elementor-element-7968b9ac\" data-id=\"7968b9ac\" data-element_type=\"column\" data-e-type=\"column\">\n\t\t\t<div class=\"elementor-widget-wrap elementor-element-populated\">\n\t\t\t\t\t\t<div class=\"elementor-element elementor-element-1a705f1 elementor-hidden-desktop elementor-hidden-tablet elementor-widget elementor-widget-image\" data-id=\"1a705f1\" data-element_type=\"widget\" data-e-type=\"widget\" data-widget_type=\"image.default\">\n\t\t\t\t\t\t\t\t\t\t\t\t\t\t\t<img loading=\"lazy\" decoding=\"async\" width=\"800\" height=\"833\" src=\"https:\/\/www.chateaudequintin.fr\/wp-content\/uploads\/2020\/04\/PlanDomaineQuintin_v2-983x1024.jpg\" class=\"attachment-large size-large wp-image-1220\" alt=\"Plan du domaine Ch\u00e2teau de Quintin\" srcset=\"https:\/\/www.chateaudequintin.fr\/wp-content\/uploads\/2020\/04\/PlanDomaineQuintin_v2-983x1024.jpg 983w, https:\/\/www.chateaudequintin.fr\/wp-content\/uploads\/2020\/04\/PlanDomaineQuintin_v2-288x300.jpg 288w, https:\/\/www.chateaudequintin.fr\/wp-content\/uploads\/2020\/04\/PlanDomaineQuintin_v2-768x800.jpg 768w, https:\/\/www.chateaudequintin.fr\/wp-content\/uploads\/2020\/04\/PlanDomaineQuintin_v2-1474x1536.jpg 1474w, https:\/\/www.chateaudequintin.fr\/wp-content\/uploads\/2020\/04\/PlanDomaineQuintin_v2.jpg 1571w\" sizes=\"auto, (max-width: 800px) 100vw, 800px\" \/>\t\t\t\t\t\t\t\t\t\t\t\t\t\t\t<\/div>\n\t\t\t\t<section class=\"elementor-section elementor-inner-section elementor-element elementor-element-11d2b7e elementor-section-boxed elementor-section-height-default elementor-section-height-default\" data-id=\"11d2b7e\" data-element_type=\"section\" data-e-type=\"section\">\n\t\t\t\t\t\t<div class=\"elementor-container elementor-column-gap-default\">\n\t\t\t\t\t<div class=\"elementor-column elementor-col-50 elementor-inner-column elementor-element elementor-element-185260d\" data-id=\"185260d\" data-element_type=\"column\" data-e-type=\"column\">\n\t\t\t<div class=\"elementor-widget-wrap elementor-element-populated\">\n\t\t\t\t\t\t<div class=\"elementor-element elementor-element-46e0db9 elementor-widget elementor-widget-image\" data-id=\"46e0db9\" data-element_type=\"widget\" data-e-type=\"widget\" data-widget_type=\"image.default\">\n\t\t\t\t\t\t\t\t\t\t\t\t\t\t\t<img loading=\"lazy\" decoding=\"async\" width=\"51\" height=\"51\" src=\"https:\/\/www.chateaudequintin.fr\/wp-content\/uploads\/2020\/03\/1.png\" class=\"attachment-full size-full wp-image-338\" alt=\"Rep\u00e8re 1\" \/>\t\t\t\t\t\t\t\t\t\t\t\t\t\t\t<\/div>\n\t\t\t\t\t<\/div>\n\t\t<\/div>\n\t\t\t\t<div class=\"elementor-column elementor-col-50 elementor-inner-column elementor-element elementor-element-e596173\" data-id=\"e596173\" data-element_type=\"column\" data-e-type=\"column\">\n\t\t\t<div class=\"elementor-widget-wrap elementor-element-populated\">\n\t\t\t\t\t\t<div class=\"elementor-element elementor-element-b9d422f elementor-widget elementor-widget-heading\" data-id=\"b9d422f\" data-element_type=\"widget\" data-e-type=\"widget\" data-widget_type=\"heading.default\">\n\t\t\t\t\t<h2 class=\"elementor-heading-title elementor-size-default\">18th century castle<\/h2>\t\t\t\t<\/div>\n\t\t\t\t\t<\/div>\n\t\t<\/div>\n\t\t\t\t\t<\/div>\n\t\t<\/section>\n\t\t\t\t<div class=\"elementor-element elementor-element-b67de09 lienvert elementor-widget elementor-widget-text-editor\" data-id=\"b67de09\" data-element_type=\"widget\" data-e-type=\"widget\" data-widget_type=\"text-editor.default\">\n\t\t\t\t\t\t\t\t\t<p>The central part was originally the outbuildings of the 17th century castle under construction. In the 18th century, the Marshal of Lorge and then the family Choiseul-Praslin chose to embellish it by adding two wings on either side. The interiors were rearranged, adorned with woodwork and furniture: it became a castle in its own right. Today, the owners show you the furnished apartments on the ground floor.<\/p>\n<p><a href=\"https:\/\/www.chateaudequintin.fr\/en\/the-domain\/18th-century-castle\/\">More information<\/a><\/p>\n\t\t\t\t\t\t\t\t<\/div>\n\t\t\t\t<section class=\"elementor-section elementor-inner-section elementor-element elementor-element-28711cd elementor-section-boxed elementor-section-height-default elementor-section-height-default\" data-id=\"28711cd\" data-element_type=\"section\" data-e-type=\"section\">\n\t\t\t\t\t\t<div class=\"elementor-container elementor-column-gap-default\">\n\t\t\t\t\t<div class=\"elementor-column elementor-col-50 elementor-inner-column elementor-element elementor-element-95bd8c7\" data-id=\"95bd8c7\" data-element_type=\"column\" data-e-type=\"column\">\n\t\t\t<div class=\"elementor-widget-wrap elementor-element-populated\">\n\t\t\t\t\t\t<div class=\"elementor-element elementor-element-0ca2e89 elementor-widget elementor-widget-image\" data-id=\"0ca2e89\" data-element_type=\"widget\" data-e-type=\"widget\" data-widget_type=\"image.default\">\n\t\t\t\t\t\t\t\t\t\t\t\t\t\t\t<img loading=\"lazy\" decoding=\"async\" width=\"51\" height=\"51\" src=\"https:\/\/www.chateaudequintin.fr\/wp-content\/uploads\/2020\/03\/2.png\" class=\"attachment-full size-full wp-image-340\" alt=\"Rep\u00e8re 2\" \/>\t\t\t\t\t\t\t\t\t\t\t\t\t\t\t<\/div>\n\t\t\t\t\t<\/div>\n\t\t<\/div>\n\t\t\t\t<div class=\"elementor-column elementor-col-50 elementor-inner-column elementor-element elementor-element-4102576\" data-id=\"4102576\" data-element_type=\"column\" data-e-type=\"column\">\n\t\t\t<div class=\"elementor-widget-wrap elementor-element-populated\">\n\t\t\t\t\t\t<div class=\"elementor-element elementor-element-4bd01308 elementor-widget elementor-widget-heading\" data-id=\"4bd01308\" data-element_type=\"widget\" data-e-type=\"widget\" data-widget_type=\"heading.default\">\n\t\t\t\t\t<h2 class=\"elementor-heading-title elementor-size-default\">French gardens<\/h2>\t\t\t\t<\/div>\n\t\t\t\t\t<\/div>\n\t\t<\/div>\n\t\t\t\t\t<\/div>\n\t\t<\/section>\n\t\t\t\t<div class=\"elementor-element elementor-element-4b852223 lienvert elementor-widget elementor-widget-text-editor\" data-id=\"4b852223\" data-element_type=\"widget\" data-e-type=\"widget\" data-widget_type=\"text-editor.default\">\n\t\t\t\t\t\t\t\t\t<p>The park of the castle is classified as a Historic Monument. It is an example of a classic French garden, with its characteristic rows of hedges, curtained lime trees, box trees and lawns where rhythm and regularity dominate.<\/p>\n\t\t\t\t\t\t\t\t<\/div>\n\t\t\t\t<div class=\"elementor-element elementor-element-11ab5ec elementor-hidden-phone elementor-widget elementor-widget-image\" data-id=\"11ab5ec\" data-element_type=\"widget\" data-e-type=\"widget\" data-widget_type=\"image.default\">\n\t\t\t\t\t\t\t\t\t\t\t\t\t\t\t<img loading=\"lazy\" decoding=\"async\" width=\"800\" height=\"833\" src=\"https:\/\/www.chateaudequintin.fr\/wp-content\/uploads\/2020\/04\/PlanDomaineQuintin_v2-983x1024.jpg\" class=\"attachment-large size-large wp-image-1220\" alt=\"Plan du domaine Ch\u00e2teau de Quintin\" srcset=\"https:\/\/www.chateaudequintin.fr\/wp-content\/uploads\/2020\/04\/PlanDomaineQuintin_v2-983x1024.jpg 983w, https:\/\/www.chateaudequintin.fr\/wp-content\/uploads\/2020\/04\/PlanDomaineQuintin_v2-288x300.jpg 288w, https:\/\/www.chateaudequintin.fr\/wp-content\/uploads\/2020\/04\/PlanDomaineQuintin_v2-768x800.jpg 768w, https:\/\/www.chateaudequintin.fr\/wp-content\/uploads\/2020\/04\/PlanDomaineQuintin_v2-1474x1536.jpg 1474w, https:\/\/www.chateaudequintin.fr\/wp-content\/uploads\/2020\/04\/PlanDomaineQuintin_v2.jpg 1571w\" sizes=\"auto, (max-width: 800px) 100vw, 800px\" \/>\t\t\t\t\t\t\t\t\t\t\t\t\t\t\t<\/div>\n\t\t\t\t<section class=\"elementor-section elementor-inner-section elementor-element elementor-element-a666396 elementor-section-boxed elementor-section-height-default elementor-section-height-default\" data-id=\"a666396\" data-element_type=\"section\" data-e-type=\"section\">\n\t\t\t\t\t\t<div class=\"elementor-container elementor-column-gap-default\">\n\t\t\t\t\t<div class=\"elementor-column elementor-col-50 elementor-inner-column elementor-element elementor-element-b096d09\" data-id=\"b096d09\" data-element_type=\"column\" data-e-type=\"column\">\n\t\t\t<div class=\"elementor-widget-wrap elementor-element-populated\">\n\t\t\t\t\t\t<div class=\"elementor-element elementor-element-2a55592 elementor-widget elementor-widget-image\" data-id=\"2a55592\" data-element_type=\"widget\" data-e-type=\"widget\" data-widget_type=\"image.default\">\n\t\t\t\t\t\t\t\t\t\t\t\t\t\t\t<img loading=\"lazy\" decoding=\"async\" width=\"51\" height=\"51\" src=\"https:\/\/www.chateaudequintin.fr\/wp-content\/uploads\/2020\/03\/3.png\" class=\"attachment-full size-full wp-image-342\" alt=\"Rep\u00e8re 3\" \/>\t\t\t\t\t\t\t\t\t\t\t\t\t\t\t<\/div>\n\t\t\t\t\t<\/div>\n\t\t<\/div>\n\t\t\t\t<div class=\"elementor-column elementor-col-50 elementor-inner-column elementor-element elementor-element-5db1746\" data-id=\"5db1746\" data-element_type=\"column\" data-e-type=\"column\">\n\t\t\t<div class=\"elementor-widget-wrap elementor-element-populated\">\n\t\t\t\t\t\t<div class=\"elementor-element elementor-element-6662d08 elementor-widget elementor-widget-heading\" data-id=\"6662d08\" data-element_type=\"widget\" data-e-type=\"widget\" data-widget_type=\"heading.default\">\n\t\t\t\t\t<h2 class=\"elementor-heading-title elementor-size-default\">17th century castle<\/h2>\t\t\t\t<\/div>\n\t\t\t\t\t<\/div>\n\t\t<\/div>\n\t\t\t\t\t<\/div>\n\t\t<\/section>\n\t\t\t\t<div class=\"elementor-element elementor-element-a975314 lienvert elementor-widget elementor-widget-text-editor\" data-id=\"a975314\" data-element_type=\"widget\" data-e-type=\"widget\" data-widget_type=\"text-editor.default\">\n\t\t\t\t\t\t\t\t\t<p>Remnants of a 17th century Protestant bastion that has remained unfinished, the old castle overlooking Quintin&#8217;s pond has been undergoing restoration since 2013 and is due to be opened to the public.<\/p>\n<p><a href=\"https:\/\/www.chateaudequintin.fr\/en\/projects\/work-in-progress\/\">More information<\/a><\/p>\n\t\t\t\t\t\t\t\t<\/div>\n\t\t\t\t<section class=\"elementor-section elementor-inner-section elementor-element elementor-element-b8a0972 elementor-section-boxed elementor-section-height-default elementor-section-height-default\" data-id=\"b8a0972\" data-element_type=\"section\" data-e-type=\"section\">\n\t\t\t\t\t\t<div class=\"elementor-container elementor-column-gap-default\">\n\t\t\t\t\t<div class=\"elementor-column elementor-col-50 elementor-inner-column elementor-element elementor-element-a1d3924\" data-id=\"a1d3924\" data-element_type=\"column\" data-e-type=\"column\">\n\t\t\t<div class=\"elementor-widget-wrap elementor-element-populated\">\n\t\t\t\t\t\t<div class=\"elementor-element elementor-element-dbd31b9 elementor-widget elementor-widget-image\" data-id=\"dbd31b9\" data-element_type=\"widget\" data-e-type=\"widget\" data-widget_type=\"image.default\">\n\t\t\t\t\t\t\t\t\t\t\t\t\t\t\t<img loading=\"lazy\" decoding=\"async\" width=\"51\" height=\"51\" src=\"https:\/\/www.chateaudequintin.fr\/wp-content\/uploads\/2020\/03\/4.png\" class=\"attachment-full size-full wp-image-344\" alt=\"Rep\u00e8re 4\" \/>\t\t\t\t\t\t\t\t\t\t\t\t\t\t\t<\/div>\n\t\t\t\t\t<\/div>\n\t\t<\/div>\n\t\t\t\t<div class=\"elementor-column elementor-col-50 elementor-inner-column elementor-element elementor-element-3b0c649\" data-id=\"3b0c649\" data-element_type=\"column\" data-e-type=\"column\">\n\t\t\t<div class=\"elementor-widget-wrap elementor-element-populated\">\n\t\t\t\t\t\t<div class=\"elementor-element elementor-element-5f4a2391 elementor-widget elementor-widget-heading\" data-id=\"5f4a2391\" data-element_type=\"widget\" data-e-type=\"widget\" data-widget_type=\"heading.default\">\n\t\t\t\t\t<h2 class=\"elementor-heading-title elementor-size-default\">Archive Tower<\/h2>\t\t\t\t<\/div>\n\t\t\t\t\t<\/div>\n\t\t<\/div>\n\t\t\t\t\t<\/div>\n\t\t<\/section>\n\t\t\t\t<div class=\"elementor-element elementor-element-4ea2b9ef lienvert elementor-widget elementor-widget-text-editor\" data-id=\"4ea2b9ef\" data-element_type=\"widget\" data-e-type=\"widget\" data-widget_type=\"text-editor.default\">\n\t\t\t\t\t\t\t\t\t<p>One of the four old medieval gates of the city of Quintin, this tower dates from the 13th century in its lower part, then was remodelled in the 15th. In the 18th century, the family Choiseul-Praslin covered it with a pepperpot roof and converted it to house the castle archives. Opening to the public is planned for 2022.<\/p>\n<p><a href=\"https:\/\/www.chateaudequintin.fr\/en\/projects\/mission-bern\/\">More information<\/a><\/p>\n\t\t\t\t\t\t\t\t<\/div>\n\t\t\t\t<div class=\"elementor-element elementor-element-cc2f923 elementor-widget elementor-widget-spacer\" data-id=\"cc2f923\" data-element_type=\"widget\" data-e-type=\"widget\" data-widget_type=\"spacer.default\">\n\t\t\t\t\t\t\t<div class=\"elementor-spacer\">\n\t\t\t<div class=\"elementor-spacer-inner\"><\/div>\n\t\t<\/div>\n\t\t\t\t\t\t<\/div>\n\t\t\t\t\t<\/div>\n\t\t<\/div>\n\t\t\t\t\t<\/div>\n\t\t<\/section>\n\t\t\t\t<section class=\"elementor-section elementor-top-section elementor-element elementor-element-26baef5 elementor-section-boxed elementor-section-height-default elementor-section-height-default\" data-id=\"26baef5\" data-element_type=\"section\" data-e-type=\"section\">\n\t\t\t\t\t\t<div class=\"elementor-container elementor-column-gap-default\">\n\t\t\t\t\t<div class=\"elementor-column elementor-col-100 elementor-top-column elementor-element elementor-element-a77d336\" data-id=\"a77d336\" data-element_type=\"column\" data-e-type=\"column\">\n\t\t\t<div class=\"elementor-widget-wrap elementor-element-populated\">\n\t\t\t\t\t\t<div class=\"elementor-element elementor-element-19ea706 elementor-widget elementor-widget-spacer\" data-id=\"19ea706\" data-element_type=\"widget\" data-e-type=\"widget\" data-widget_type=\"spacer.default\">\n\t\t\t\t\t\t\t<div class=\"elementor-spacer\">\n\t\t\t<div class=\"elementor-spacer-inner\"><\/div>\n\t\t<\/div>\n\t\t\t\t\t\t<\/div>\n\t\t\t\t\t<\/div>\n\t\t<\/div>\n\t\t\t\t\t<\/div>\n\t\t<\/section>\n\t\t\t\t<\/div>\n\t\t","protected":false},"excerpt":{"rendered":"<p>Demesne&#8217;s plan Ch\u00e2teau XVIII\u00e8me et Basilique Notre-Dame de D\u00e9livrance &#8211; Coucher de soleil Terrasse donnant sur l&#8217;\u00e9tang de Quintin Vieux Ch\u00e2teau de Quintin (avant restauration) &#8211; vue depuis Cour int\u00e9rieure Tour des archives (XIIIe-XVe &#8211; XVIIIe) &#8211; Ancienne Porte-Neuve de Quintin 18th century castle The central part was originally the outbuildings of the 17th century [&hellip;]<\/p>\n","protected":false},"author":2,"featured_media":0,"parent":1433,"menu_order":0,"comment_status":"closed","ping_status":"closed","template":"elementor_header_footer","meta":{"_jf_save_progress":"","footnotes":""},"class_list":["post-1429","page","type-page","status-publish","hentry"],"_links":{"self":[{"href":"https:\/\/www.chateaudequintin.fr\/en\/wp-json\/wp\/v2\/pages\/1429","targetHints":{"allow":["GET"]}}],"collection":[{"href":"https:\/\/www.chateaudequintin.fr\/en\/wp-json\/wp\/v2\/pages"}],"about":[{"href":"https:\/\/www.chateaudequintin.fr\/en\/wp-json\/wp\/v2\/types\/page"}],"author":[{"embeddable":true,"href":"https:\/\/www.chateaudequintin.fr\/en\/wp-json\/wp\/v2\/users\/2"}],"replies":[{"embeddable":true,"href":"https:\/\/www.chateaudequintin.fr\/en\/wp-json\/wp\/v2\/comments?post=1429"}],"version-history":[{"count":0,"href":"https:\/\/www.chateaudequintin.fr\/en\/wp-json\/wp\/v2\/pages\/1429\/revisions"}],"up":[{"embeddable":true,"href":"https:\/\/www.chateaudequintin.fr\/en\/wp-json\/wp\/v2\/pages\/1433"}],"wp:attachment":[{"href":"https:\/\/www.chateaudequintin.fr\/en\/wp-json\/wp\/v2\/media?parent=1429"}],"curies":[{"name":"wp","href":"https:\/\/api.w.org\/{rel}","templated":true}]}}