{"id":1395,"date":"2020-04-21T09:35:31","date_gmt":"2020-04-21T09:35:31","guid":{"rendered":"https:\/\/www.chateaudequintin.fr\/animations\/other-events\/european-heritage-days\/"},"modified":"2020-04-27T13:01:49","modified_gmt":"2020-04-27T13:01:49","slug":"european-heritage-days","status":"publish","type":"page","link":"https:\/\/www.chateaudequintin.fr\/en\/animations\/other-events\/european-heritage-days\/","title":{"rendered":"European Heritage Days"},"content":{"rendered":"\t\t<div data-elementor-type=\"wp-page\" data-elementor-id=\"1395\" class=\"elementor elementor-1395 elementor-309\" data-elementor-post-type=\"page\">\n\t\t\t\t\t\t<section class=\"elementor-section elementor-top-section elementor-element elementor-element-5b0b09c5 elementor-section-boxed elementor-section-height-default elementor-section-height-default\" data-id=\"5b0b09c5\" data-element_type=\"section\" data-e-type=\"section\">\n\t\t\t\t\t\t<div class=\"elementor-container elementor-column-gap-default\">\n\t\t\t\t\t<div class=\"elementor-column elementor-col-33 elementor-top-column elementor-element elementor-element-49584834\" data-id=\"49584834\" data-element_type=\"column\" data-e-type=\"column\" data-settings=\"{&quot;background_background&quot;:&quot;classic&quot;}\">\n\t\t\t<div class=\"elementor-widget-wrap elementor-element-populated\">\n\t\t\t\t\t<div class=\"elementor-background-overlay\"><\/div>\n\t\t\t\t\t\t<div class=\"elementor-element elementor-element-7945a87 elementor-widget elementor-widget-heading\" data-id=\"7945a87\" data-element_type=\"widget\" data-e-type=\"widget\" data-widget_type=\"heading.default\">\n\t\t\t\t\t<h1 class=\"elementor-heading-title elementor-size-default\">European Heritage Days<\/h1>\t\t\t\t<\/div>\n\t\t\t\t\t<\/div>\n\t\t<\/div>\n\t\t\t\t<div class=\"elementor-column elementor-col-66 elementor-top-column elementor-element elementor-element-8ff091d\" data-id=\"8ff091d\" data-element_type=\"column\" data-e-type=\"column\" data-settings=\"{&quot;background_background&quot;:&quot;classic&quot;}\">\n\t\t\t<div class=\"elementor-widget-wrap elementor-element-populated\">\n\t\t\t\t\t\t<div class=\"elementor-element elementor-element-7cc65fdf elementor-widget elementor-widget-image\" data-id=\"7cc65fdf\" data-element_type=\"widget\" data-e-type=\"widget\" data-widget_type=\"image.default\">\n\t\t\t\t\t\t\t\t\t\t\t\t\t\t\t<img decoding=\"async\" src=\"https:\/\/www.chateaudequintin.fr\/wp-content\/uploads\/elementor\/thumbs\/titre_InfosPratiques_760x300-qji2lzhokjrns9txgrnimfizpqd7h8earybwdyk1bs.webp\" title=\"titre_InfosPratiques_760x300\" alt=\"Ch\u00e2teau de Quintin XVIII\u00e8me et Basilique Notre-Dame de D\u00e9livrance\" loading=\"lazy\" \/>\t\t\t\t\t\t\t\t\t\t\t\t\t\t\t<\/div>\n\t\t\t\t\t<\/div>\n\t\t<\/div>\n\t\t\t\t\t<\/div>\n\t\t<\/section>\n\t\t\t\t<section class=\"elementor-section elementor-top-section elementor-element elementor-element-3a100026 elementor-section-boxed elementor-section-height-default elementor-section-height-default\" data-id=\"3a100026\" data-element_type=\"section\" data-e-type=\"section\">\n\t\t\t\t\t\t<div class=\"elementor-container elementor-column-gap-default\">\n\t\t\t\t\t<div class=\"elementor-column elementor-col-50 elementor-top-column elementor-element elementor-element-68e6e606\" data-id=\"68e6e606\" data-element_type=\"column\" data-e-type=\"column\">\n\t\t\t<div class=\"elementor-widget-wrap elementor-element-populated\">\n\t\t\t\t\t\t<div class=\"elementor-element elementor-element-66d20f2e elementor-widget elementor-widget-image\" data-id=\"66d20f2e\" data-element_type=\"widget\" data-e-type=\"widget\" data-widget_type=\"image.default\">\n\t\t\t\t\t\t\t\t\t\t\t\t\t\t\t<img loading=\"lazy\" decoding=\"async\" width=\"612\" height=\"816\" src=\"https:\/\/www.chateaudequintin.fr\/wp-content\/uploads\/2020\/02\/exemple-1.webp\" class=\"attachment-large size-large wp-image-167\" alt=\"\" \/>\t\t\t\t\t\t\t\t\t\t\t\t\t\t\t<\/div>\n\t\t\t\t\t<\/div>\n\t\t<\/div>\n\t\t\t\t<div class=\"elementor-column elementor-col-50 elementor-top-column elementor-element elementor-element-3cc0e689\" data-id=\"3cc0e689\" data-element_type=\"column\" data-e-type=\"column\">\n\t\t\t<div class=\"elementor-widget-wrap elementor-element-populated\">\n\t\t\t\t\t\t<div class=\"elementor-element elementor-element-5dfdf0c7 elementor-widget elementor-widget-text-editor\" data-id=\"5dfdf0c7\" data-element_type=\"widget\" data-e-type=\"widget\" data-widget_type=\"text-editor.default\">\n\t\t\t\t\t\t\t\t\t<p>Every year, on the occasion of the European Heritage Days, the park of the castle is free, with wooden outdoor games for young and old.<br \/>\nThe visit of the castle, the exhibition and the park is at a reduced rate (5\u20ac) for all and free for children under 18 years old.<br \/>\nPancakes and drinks for sale on site.<\/p>\n<p>2020 programming to come.<\/p>\n<p>Many other places to discover around the castle:<br \/>\nContact the <a href=\"https:\/\/www.tourismequintin.com\/\" target=\"_blank\" rel=\"noopener\">Tourist Office of Quintin<\/a><\/p>\n\t\t\t\t\t\t\t\t<\/div>\n\t\t\t\t\t<\/div>\n\t\t<\/div>\n\t\t\t\t\t<\/div>\n\t\t<\/section>\n\t\t\t\t<\/div>\n\t\t","protected":false},"excerpt":{"rendered":"<p>European Heritage Days Every year, on the occasion of the European Heritage Days, the park of the castle is free, with wooden outdoor games for young and old. The visit of the castle, the exhibition and the park is at a reduced rate (5\u20ac) for all and free for children under 18 years old. Pancakes [&hellip;]<\/p>\n","protected":false},"author":2,"featured_media":0,"parent":1376,"menu_order":0,"comment_status":"closed","ping_status":"closed","template":"elementor_header_footer","meta":{"_jf_save_progress":"","footnotes":""},"class_list":["post-1395","page","type-page","status-publish","hentry"],"_links":{"self":[{"href":"https:\/\/www.chateaudequintin.fr\/en\/wp-json\/wp\/v2\/pages\/1395","targetHints":{"allow":["GET"]}}],"collection":[{"href":"https:\/\/www.chateaudequintin.fr\/en\/wp-json\/wp\/v2\/pages"}],"about":[{"href":"https:\/\/www.chateaudequintin.fr\/en\/wp-json\/wp\/v2\/types\/page"}],"author":[{"embeddable":true,"href":"https:\/\/www.chateaudequintin.fr\/en\/wp-json\/wp\/v2\/users\/2"}],"replies":[{"embeddable":true,"href":"https:\/\/www.chateaudequintin.fr\/en\/wp-json\/wp\/v2\/comments?post=1395"}],"version-history":[{"count":0,"href":"https:\/\/www.chateaudequintin.fr\/en\/wp-json\/wp\/v2\/pages\/1395\/revisions"}],"up":[{"embeddable":true,"href":"https:\/\/www.chateaudequintin.fr\/en\/wp-json\/wp\/v2\/pages\/1376"}],"wp:attachment":[{"href":"https:\/\/www.chateaudequintin.fr\/en\/wp-json\/wp\/v2\/media?parent=1395"}],"curies":[{"name":"wp","href":"https:\/\/api.w.org\/{rel}","templated":true}]}}