{"id":13825,"date":"2025-11-22T14:47:31","date_gmt":"2025-11-22T13:47:31","guid":{"rendered":"https:\/\/www.chateaudequintin.fr\/inscriptions-mp-billet-web\/"},"modified":"2025-11-22T14:47:33","modified_gmt":"2025-11-22T13:47:33","slug":"inscriptions-mp-billet-web","status":"publish","type":"page","link":"https:\/\/www.chateaudequintin.fr\/en\/inscriptions-mp-billet-web\/","title":{"rendered":"Inscriptions MP Billet Web"},"content":{"rendered":"\t\t<div data-elementor-type=\"wp-page\" data-elementor-id=\"13825\" class=\"elementor elementor-13825 elementor-13635\" data-elementor-post-type=\"page\">\n\t\t\t\t\t\t<section class=\"elementor-section elementor-top-section elementor-element elementor-element-40f5e65 elementor-section-boxed elementor-section-height-default elementor-section-height-default\" data-id=\"40f5e65\" data-element_type=\"section\" data-e-type=\"section\">\n\t\t\t\t\t\t<div class=\"elementor-container elementor-column-gap-default\">\n\t\t\t\t\t<div class=\"elementor-column elementor-col-33 elementor-top-column elementor-element elementor-element-d6e3221\" data-id=\"d6e3221\" data-element_type=\"column\" data-e-type=\"column\" data-settings=\"{&quot;background_background&quot;:&quot;classic&quot;}\">\n\t\t\t<div class=\"elementor-widget-wrap elementor-element-populated\">\n\t\t\t\t\t<div class=\"elementor-background-overlay\"><\/div>\n\t\t\t\t\t\t<div class=\"elementor-element elementor-element-a53fa1a elementor-widget elementor-widget-heading\" data-id=\"a53fa1a\" data-element_type=\"widget\" data-e-type=\"widget\" data-widget_type=\"heading.default\">\n\t\t\t\t\t<h1 class=\"elementor-heading-title elementor-size-default\">Murder Party<\/h1>\t\t\t\t<\/div>\n\t\t\t\t\t<\/div>\n\t\t<\/div>\n\t\t\t\t<div class=\"elementor-column elementor-col-66 elementor-top-column elementor-element elementor-element-d935c9f\" data-id=\"d935c9f\" data-element_type=\"column\" data-e-type=\"column\" data-settings=\"{&quot;background_background&quot;:&quot;classic&quot;}\">\n\t\t\t<div class=\"elementor-widget-wrap elementor-element-populated\">\n\t\t\t\t\t\t<div class=\"elementor-element elementor-element-e2bd7c0 elementor-widget elementor-widget-image\" data-id=\"e2bd7c0\" data-element_type=\"widget\" data-e-type=\"widget\" data-widget_type=\"image.default\">\n\t\t\t\t\t\t\t\t\t\t\t\t\t\t\t<img decoding=\"async\" src=\"https:\/\/www.chateaudequintin.fr\/wp-content\/uploads\/elementor\/thumbs\/Titre_MurderParty_PleinAir_v1_760x300_redim-qji125uqorcm9yx1fmz5jinhnxigccs6fnjscdbquw.webp\" title=\"Titre_MurderParty_PleinAir_v1_760x300_redim\" alt=\"Murder party plein air\" loading=\"lazy\" \/>\t\t\t\t\t\t\t\t\t\t\t\t\t\t\t<\/div>\n\t\t\t\t\t<\/div>\n\t\t<\/div>\n\t\t\t\t\t<\/div>\n\t\t<\/section>\n\t\t\t\t<section class=\"elementor-section elementor-top-section elementor-element elementor-element-21c6d69 elementor-section-boxed elementor-section-height-default elementor-section-height-default\" data-id=\"21c6d69\" data-element_type=\"section\" data-e-type=\"section\">\n\t\t\t\t\t\t<div class=\"elementor-container elementor-column-gap-default\">\n\t\t\t\t\t<div class=\"elementor-column elementor-col-50 elementor-top-column elementor-element elementor-element-6e1b37c\" data-id=\"6e1b37c\" data-element_type=\"column\" data-e-type=\"column\">\n\t\t\t<div class=\"elementor-widget-wrap elementor-element-populated\">\n\t\t\t\t\t\t<div class=\"elementor-element elementor-element-19e9a22 elementor-widget elementor-widget-image\" data-id=\"19e9a22\" data-element_type=\"widget\" data-e-type=\"widget\" data-widget_type=\"image.default\">\n\t\t\t\t\t\t\t\t\t\t\t\t\t\t\t<img loading=\"lazy\" decoding=\"async\" width=\"800\" height=\"600\" src=\"https:\/\/www.chateaudequintin.fr\/wp-content\/uploads\/2020\/03\/IMG_7418-Copie-1024x768.jpg\" class=\"attachment-large size-large wp-image-586\" alt=\"Murder Party - Ch\u00e2teau de Quintin\" srcset=\"https:\/\/www.chateaudequintin.fr\/wp-content\/uploads\/2020\/03\/IMG_7418-Copie-1024x768.jpg 1024w, https:\/\/www.chateaudequintin.fr\/wp-content\/uploads\/2020\/03\/IMG_7418-Copie-300x225.jpg 300w, https:\/\/www.chateaudequintin.fr\/wp-content\/uploads\/2020\/03\/IMG_7418-Copie-768x576.jpg 768w, https:\/\/www.chateaudequintin.fr\/wp-content\/uploads\/2020\/03\/IMG_7418-Copie.jpg 1280w\" sizes=\"auto, (max-width: 800px) 100vw, 800px\" \/>\t\t\t\t\t\t\t\t\t\t\t\t\t\t\t<\/div>\n\t\t\t\t\t<\/div>\n\t\t<\/div>\n\t\t\t\t<div class=\"elementor-column elementor-col-50 elementor-top-column elementor-element elementor-element-ebf5438\" data-id=\"ebf5438\" data-element_type=\"column\" data-e-type=\"column\">\n\t\t\t<div class=\"elementor-widget-wrap elementor-element-populated\">\n\t\t\t\t\t\t<div class=\"elementor-element elementor-element-815a19a elementor-widget elementor-widget-heading\" data-id=\"815a19a\" data-element_type=\"widget\" data-e-type=\"widget\" data-widget_type=\"heading.default\">\n\t\t\t\t\t<h2 class=\"elementor-heading-title elementor-size-default\">Application to attend a murder party<\/h2>\t\t\t\t<\/div>\n\t\t\t\t<div class=\"elementor-element elementor-element-c53588f elementor-widget elementor-widget-text-editor\" data-id=\"c53588f\" data-element_type=\"widget\" data-e-type=\"widget\" data-widget_type=\"text-editor.default\">\n\t\t\t\t\t\t\t\t\t<p><span style=\"font-weight: bolder;\">Nous venons de changer de syst\u00e8me de r\u00e9servation :&nbsp;<\/span><\/p>\n<p><span style=\"color: var( --e-global-color-text ); font-family: var( --e-global-typography-text-font-family ), Sans-serif; font-size: 1rem;\">Si vous rencontrez la moindre difficult\u00e9 dans votre r\u00e9servation, n&#8217;h\u00e9sitez pas \u00e0 contacter Solange au 06 88 96 09 75 ou par mail \u00e0 info@chateaudequintin.fr .&nbsp;<\/span><\/p>\n\t\t\t\t\t\t\t\t<\/div>\n\t\t\t\t<div class=\"elementor-element elementor-element-effae07 elementor-widget elementor-widget-html\" data-id=\"effae07\" data-element_type=\"widget\" data-e-type=\"widget\" data-widget_type=\"html.default\">\n\t\t\t\t\t<a title=\"Vente de billets en ligne\" href=\"https:\/\/www.billetweb.fr\/shop.php?event=murder-party32\" class=\"shop_frame\" target=\"_blank\" data-src=\"https:\/\/www.billetweb.fr\/shop.php?event=murder-party32\" data-max-width=\"100%\" data-initial-height=\"600\" data-scrolling=\"no\" data-id=\"murder-party32\" data-resize=\"1\" rel=\"noopener\">Vente de billets en ligne<\/a><script type=\"text\/javascript\" src=\"https:\/\/www.billetweb.fr\/js\/export.js\"><\/script>\t\t\t\t<\/div>\n\t\t\t\t\t<\/div>\n\t\t<\/div>\n\t\t\t\t\t<\/div>\n\t\t<\/section>\n\t\t\t\t<\/div>\n\t\t","protected":false},"excerpt":{"rendered":"<p>Murder Party Application to attend a murder party Nous venons de changer de syst\u00e8me de r\u00e9servation :&nbsp; Si vous rencontrez la moindre difficult\u00e9 dans votre r\u00e9servation, n&#8217;h\u00e9sitez pas \u00e0 contacter Solange au 06 88 96 09 75 ou par mail \u00e0 info@chateaudequintin.fr .&nbsp; Vente de billets en ligne<\/p>\n","protected":false},"author":5,"featured_media":0,"parent":0,"menu_order":0,"comment_status":"closed","ping_status":"closed","template":"elementor_header_footer","meta":{"_jf_save_progress":"","footnotes":""},"class_list":["post-13825","page","type-page","status-publish","hentry"],"_links":{"self":[{"href":"https:\/\/www.chateaudequintin.fr\/en\/wp-json\/wp\/v2\/pages\/13825","targetHints":{"allow":["GET"]}}],"collection":[{"href":"https:\/\/www.chateaudequintin.fr\/en\/wp-json\/wp\/v2\/pages"}],"about":[{"href":"https:\/\/www.chateaudequintin.fr\/en\/wp-json\/wp\/v2\/types\/page"}],"author":[{"embeddable":true,"href":"https:\/\/www.chateaudequintin.fr\/en\/wp-json\/wp\/v2\/users\/5"}],"replies":[{"embeddable":true,"href":"https:\/\/www.chateaudequintin.fr\/en\/wp-json\/wp\/v2\/comments?post=13825"}],"version-history":[{"count":1,"href":"https:\/\/www.chateaudequintin.fr\/en\/wp-json\/wp\/v2\/pages\/13825\/revisions"}],"predecessor-version":[{"id":13826,"href":"https:\/\/www.chateaudequintin.fr\/en\/wp-json\/wp\/v2\/pages\/13825\/revisions\/13826"}],"wp:attachment":[{"href":"https:\/\/www.chateaudequintin.fr\/en\/wp-json\/wp\/v2\/media?parent=13825"}],"curies":[{"name":"wp","href":"https:\/\/api.w.org\/{rel}","templated":true}]}}